{"id":127,"date":"2018-06-20T12:52:34","date_gmt":"2018-06-20T12:52:34","guid":{"rendered":"http:\/\/wp3.commonsupport.com\/newwp\/benxi\/?page_id=127"},"modified":"2022-10-12T07:16:55","modified_gmt":"2022-10-12T07:16:55","slug":"services","status":"publish","type":"page","link":"https:\/\/leopard.az\/index.php\/services\/","title":{"rendered":"WHISTLEBLOWING"},"content":{"rendered":"<section class=\"kc-elm kc-css-609758 kc_row\"><div class=\"kc-row-container  kc-container\"><div class=\"kc-wrap-columns\"><div class=\"kc-elm kc-css-99718 kc_col-sm-12 kc_column kc_col-sm-12\"><div class=\"kc-col-container\"><div class=\"kc-elm kc-css-259191\" style=\"height: 42px; clear: both; width:100%;\"><\/div><div class=\"kc-elm kc-css-317943 kc_text_block\"><\/p>\n<p><strong>Biz do\u011fru olan\u0131 etm\u0259k ist\u0259yirik<\/strong><br \/>\n\u00dcmumd\u00fcnya t\u0259bi\u0259ti m\u00fchafiz\u0259 fondunda insanlar f\u0259aliyy\u0259timizin m\u0259rk\u0259zind\u0259 durur.\u018fm\u0259kda\u015flar\u0131m\u0131z, t\u0259r\u0259fda\u015flar\u0131m\u0131z v\u0259 \u0259m\u0259kda\u015fl\u0131q etdiyimiz icmalara h\u00f6rm\u0259ti saxlamaq v\u0259 onlar\u0131n t\u0259hl\u00fck\u0259sizlik v\u0259 h\u00fcquqlar\u0131n\u0131 t\u0259min etm\u0259k t\u0259\u015fkilat\u0131m\u0131z\u0131n \u0259sas amal\u0131d\u0131r. Bu qaydan\u0131n h\u0259r hans\u0131 \u015f\u0259kild\u0259 pozulmas\u0131 haqq\u0131nda t\u0259qib olunma qorxusu olmadan m\u0259lumat verilm\u0259lidir.\u00c7al\u0131\u015fd\u0131\u011f\u0131m\u0131z h\u0259r bir insan bunu t\u0259hl\u00fck\u0259siz \u015f\u0259kild\u0259 etm\u0259k imkan\u0131na sahib olmal\u0131d\u0131r.<\/p>\n<p><strong>Narahatl\u0131qlar\u0131n\u0131z\u0131n bildirilm\u0259si<\/strong><br \/>\nXahi\u015f edirik a\u015fa\u011f\u0131dak\u0131 se\u00e7iml\u0259rd\u0259n birini edin v\u0259 narahat oldu\u011funuz m\u0259s\u0259l\u0259ni bildirm\u0259k \u00fc\u00e7\u00fcn n\u00f6vb\u0259ti add\u0131mlara ir\u0259lil\u0259m\u0259k \u00fc\u00e7\u00fcn suallara cavab verin. \u0130smar\u0131\u015f\u0131n\u0131z\u0131 g\u00f6nd\u0259rdikd\u0259n sonra ekranda identifikasiya n\u00f6mr\u0259si v\u0259 \u015fifr\u0259 g\u00f6r\u0259c\u0259ksiniz. Bu m\u0259lumatlar\u0131 t\u0259hl\u00fck\u0259siz yerd\u0259 saxlay\u0131n. Bu dialoq zaman\u0131 anonim qalma\u011f\u0131 se\u00e7\u0259 bil\u0259rsiniz.<\/p>\n<p>Biz ismar\u0131\u015f\u0131n\u0131z\u0131 alma\u011f\u0131m\u0131z haqq\u0131nda 24 saat \u0259rzind\u0259 m\u0259lumat ver\u0259c\u0259k v\u0259 10 t\u0259qvim g\u00fcn\u00fc \u0259rzind\u0259 m\u0259s\u0259l\u0259 haqq\u0131nda yenilikl\u0259ri siz\u0259 bildir\u0259c\u0259yik.<\/p>\n<p><span style=\"color: #00ff00;\"><a style=\"color: #00ff00;\" href=\"https:\/\/leopard.az\/index.php\/internal-wwf-issues\/\"><strong><span style=\"color: #3366ff;\">1- \u00dcmumd\u00fcnya t\u0259bi\u0259ti m\u00fchafiz\u0259 fondunun daxili probleml\u0259ri<\/span><\/strong><\/a><\/span> &#8211; D\u0259l\u0259duzluq, korrupsiya, diskriminasiya, m\u0259lumatlar\u0131n m\u0259xfiliyinin pozulmas\u0131, i\u015f yerind\u0259 davran\u0131\u015f, sa\u011flaml\u0131q v\u0259 \u0259m\u0259k t\u0259hl\u00fck\u0259sizliyi v\u0259 s. il\u0259 ba\u011fl\u0131 narahatl\u0131qlar<\/p>\n<p><a href=\"https:\/\/leopard.az\/index.php\/community-issues\/\"><strong><span style=\"color: #00ff00;\"><span style=\"color: #3366ff;\">2- \u0130cma probleml\u0259ri<\/span><\/span><\/strong><\/a> &#8211; \u00dcmumd\u00fcnya t\u0259bi\u0259ti m\u00fchafiz\u0259 fondunun layih\u0259l\u0259ri il\u0259 \u0259laq\u0259dar \u015fikay\u0259tl\u0259r v\u0259 s. WWF-in Ekoloji v\u0259 Sosial Z\u0259man\u0259tl\u0259r \u00c7\u0259r\u00e7iv\u0259si haqq\u0131nda m\u0259lumat almaq \u00fc\u00e7\u00fcn www.leopard.az internet sayt\u0131na n\u0259z\u0259r sal\u0131n<\/p>\n<p><a href=\"https:\/\/leopard.az\/index.php\/human-rights-issues\/\"><strong><span style=\"color: #00ff00;\"><span style=\"color: #3366ff;\">3- \u0130nsan h\u00fcquqlar\u0131 il\u0259 ba\u011fl\u0131 probleml\u0259r<\/span><\/span><\/strong><\/a> &#8211; WWF \u0259m\u0259kda\u015flar\u0131 v\u0259 ya t\u0259r\u0259fda\u015flar\u0131n\u0131n yol verdiyi pozuntularla ba\u011fl\u0131 h\u0259r hans\u0131 ciddi ittihamlar<\/p>\n<p>Unutmay\u0131n, i\u015fl\u0259rin qaydas\u0131nda getm\u0259sini hiss etmirsinizs\u0259, bu haqqda m\u0259lumat verm\u0259k \u0259n yax\u015f\u0131 \u00e7\u0131x\u0131\u015f yoludur.<\/p>\n<p>\n<\/div><div class=\"kc-elm kc-css-186412\" style=\"height: 42px; clear: both; width:100%;\"><\/div><\/div><\/div><\/div><\/div><\/section>\n","protected":false},"excerpt":{"rendered":"","protected":false},"author":1,"featured_media":0,"parent":0,"menu_order":0,"comment_status":"closed","ping_status":"closed","template":"tpl-king_composer.php","meta":{"om_disable_all_campaigns":false,"_monsterinsights_skip_tracking":false,"_monsterinsights_sitenote_active":false,"_monsterinsights_sitenote_note":"","_monsterinsights_sitenote_category":0,"footnotes":""},"class_list":["post-127","page","type-page","status-publish","hentry"],"aioseo_notices":[],"jetpack_sharing_enabled":true,"_links":{"self":[{"href":"https:\/\/leopard.az\/index.php\/wp-json\/wp\/v2\/pages\/127","targetHints":{"allow":["GET"]}}],"collection":[{"href":"https:\/\/leopard.az\/index.php\/wp-json\/wp\/v2\/pages"}],"about":[{"href":"https:\/\/leopard.az\/index.php\/wp-json\/wp\/v2\/types\/page"}],"author":[{"embeddable":true,"href":"https:\/\/leopard.az\/index.php\/wp-json\/wp\/v2\/users\/1"}],"replies":[{"embeddable":true,"href":"https:\/\/leopard.az\/index.php\/wp-json\/wp\/v2\/comments?post=127"}],"version-history":[{"count":4,"href":"https:\/\/leopard.az\/index.php\/wp-json\/wp\/v2\/pages\/127\/revisions"}],"predecessor-version":[{"id":330,"href":"https:\/\/leopard.az\/index.php\/wp-json\/wp\/v2\/pages\/127\/revisions\/330"}],"wp:attachment":[{"href":"https:\/\/leopard.az\/index.php\/wp-json\/wp\/v2\/media?parent=127"}],"curies":[{"name":"wp","href":"https:\/\/api.w.org\/{rel}","templated":true}]}}