{"id":124,"date":"2018-06-20T12:48:18","date_gmt":"2018-06-20T12:48:18","guid":{"rendered":"http:\/\/wp3.commonsupport.com\/newwp\/benxi\/?page_id=124"},"modified":"2022-10-12T06:32:15","modified_gmt":"2022-10-12T06:32:15","slug":"about","status":"publish","type":"page","link":"https:\/\/leopard.az\/index.php\/about\/","title":{"rendered":"HAQQIMIZDA"},"content":{"rendered":"<p><section class=\"kc-elm kc-css-48311 kc_row\"><div class=\"kc-row-container  kc-container\"><div class=\"kc-wrap-columns\"><div class=\"kc-elm kc-css-412907 kc_col-sm-12 kc_column kc_col-sm-12\"><div class=\"kc-col-container\">\r\n\r\n<!-- welcome section -->\r\n<section class=\"welcome-section\">\r\n\t<div class=\"container\">\r\n\t\t<div class=\"welcome-title centred\">\r\n\t\t\t<div class=\"title-top\">B\u0259birl\u0259ri qorumaq n\u0259 \u00fc\u00e7\u00fcn vacibdir?<\/div>\r\n\t\t\t<div class=\"title\">\u00dcmumd\u00fcnya T\u0259bi\u0259ti M\u00fchafiz\u0259 Fondu (WWF), \u0130DEA \u0130ctimai Birliyi v\u0259 Az\u0259rbaycan Respublikas\u0131 Ekologiya v\u0259 T\u0259bii S\u0259rv\u0259tl\u0259r Nazirliyi \u00f6lk\u0259mizd\u0259 b\u0259birl\u0259ri qoruyub onlar\u0131n say\u0131n\u0131 art\u0131rmaq \u00fc\u00e7\u00fcn birg\u0259 m\u00fch\u00fcm layih\u0259 h\u0259yata ke\u00e7irir<\/div>\r\n\t\t\t<div class=\"title-text font_size_16\">Bu saytda b\u0259birl\u0259r haqda maraql\u0131 m\u0259lumatlar tap\u0131b, bu qeyri-adi heyvanlar\u0131n nec\u0259 qoruya bil\u0259c\u0259yimiz v\u0259 \r\n<br \/> son ill\u0259rd\u0259 bu istiqam\u0259td\u0259 hans\u0131 u\u011furlar\u0131 \u0259ld\u0259 etdiyimiz haqda oxuya bil\u0259rsiniz\r\n<\/div>\r\n\t\t<\/div>\r\n\t\t<div class=\"row\">\r\n        \t\t\t\t<div class=\"col-md-4 col-sm-6 col-xs-12 welcome-column\">\r\n\t\t\t\t<div class=\"single-item\">\r\n\t\t\t\t\t<div class=\"img-box\"><figure><img loading=\"lazy\" decoding=\"async\" width=\"367\" height=\"284\" src=\"https:\/\/leopard.az\/wp-content\/uploads\/2022\/10\/5b6882b2c67678.49219730-1024x576-1-367x284.jpg\" class=\"attachment-benxi_367x284 size-benxi_367x284 wp-post-image\" alt=\"\" \/><\/figure><\/div>\r\n\t\t\t\t\t<div class=\"lower-content\">\r\n\t\t\t\t\t\t<div class=\"content-text\">\r\n\t\t\t\t\t\t\t<h3>B\u0259birl\u0259r haradan g\u0259lib?<\/h3>\r\n\t\t\t\t\t\t\t<div class=\"text font_size_16\">\u018ftrafl\u0131 oxu<\/div>\r\n\t\t\t\t\t\t<\/div>\r\n\t\t\t\t\t\t<div class=\"button\"><a href=\"http:\/\/www.leopard.az\/b%C9%99birl%C9%99r-haradan-g%C9%99lir\/\"><i class=\"fa fa-angle-right\"><\/i><\/a><\/div>\r\n\t\t\t\t\t<\/div>\r\n\t\t\t\t<\/div>\r\n\t\t\t<\/div>\r\n            \t\t\t<div class=\"col-md-4 col-sm-6 col-xs-12 welcome-column\">\r\n\t\t\t\t<div class=\"single-item\">\r\n\t\t\t\t\t<div class=\"img-box\"><figure><img loading=\"lazy\" decoding=\"async\" width=\"367\" height=\"284\" src=\"https:\/\/leopard.az\/wp-content\/uploads\/2022\/10\/0fffbfe4025e7c066d2de2da9e3b53b9_top-5-must-see-lakes-in-azerbaijan-1024x575-1-367x284.jpg\" class=\"attachment-benxi_367x284 size-benxi_367x284 wp-post-image\" alt=\"\" \/><\/figure><\/div>\r\n\t\t\t\t\t<div class=\"lower-content\">\r\n\t\t\t\t\t\t<div class=\"content-text\">\r\n\t\t\t\t\t\t\t<h3>B\u0259birl\u0259rin xarici g\u00f6r\u00fcn\u00fc\u015f\u00fc<\/h3>\r\n\t\t\t\t\t\t\t<div class=\"text font_size_16\">\u018ftrafl\u0131 oxu<\/div>\r\n\t\t\t\t\t\t<\/div>\r\n\t\t\t\t\t\t<div class=\"button\"><a href=\"http:\/\/www.leopard.az\/b%C9%99birl%C9%99rin-xarici-gorunusu\/\"><i class=\"fa fa-angle-right\"><\/i><\/a><\/div>\r\n\t\t\t\t\t<\/div>\r\n\t\t\t\t<\/div>\r\n\t\t\t<\/div>\r\n            \t\t\t<div class=\"col-md-4 col-sm-6 col-xs-12 welcome-column\">\r\n\t\t\t\t<div class=\"single-item\">\r\n\t\t\t\t\t<div class=\"img-box\"><figure><img loading=\"lazy\" decoding=\"async\" width=\"367\" height=\"284\" src=\"https:\/\/leopard.az\/wp-content\/uploads\/2022\/10\/180418131827-07-azerbaijan-best-things-to-see-and-do-1024x576-1-367x284.jpg\" class=\"attachment-benxi_367x284 size-benxi_367x284 wp-post-image\" alt=\"\" \/><\/figure><\/div>\r\n\t\t\t\t\t<div class=\"lower-content\">\r\n\t\t\t\t\t\t<div class=\"content-text\">\r\n\t\t\t\t\t\t\t<h3>B\u0259birl\u0259rin ya\u015fay\u0131\u015f yeri<\/h3>\r\n\t\t\t\t\t\t\t<div class=\"text font_size_16\">\u018ftrafl\u0131 oxu<\/div>\r\n\t\t\t\t\t\t<\/div>\r\n\t\t\t\t\t\t<div class=\"button\"><a href=\"http:\/\/www.leopard.az\/b%C9%99birl%C9%99rin-yasayis-%C9%99razil%C9%99ri-v%C9%99-yuvalari\/\"><i class=\"fa fa-angle-right\"><\/i><\/a><\/div>\r\n\t\t\t\t\t<\/div>\r\n\t\t\t\t<\/div>\r\n\t\t\t<\/div>\r\n            \t\t<\/div>\r\n\t<\/div>\r\n<\/section>\r\n<!-- welcome section end -->\r\n\r\n<\/div><\/div><\/div><\/div><\/section><section class=\"kc-elm kc-css-543342 kc_row\"><div class=\"kc-row-container\"><div class=\"kc-wrap-columns\"><div class=\"kc-elm kc-css-319190 kc_col-sm-12 kc_column kc_col-sm-12\"><div class=\"kc-col-container\"><!-- video-section -->\r\n<section class=\"video-section centred\" style=\"background-image:url(http:\/\/www.leopard.az\/wp-content\/uploads\/2019\/04\/videooooooooooooo3g.jpg);\">\r\n    <div class=\"container\">\r\n        <div class=\"row\">\r\n            <div class=\"col-md-8 col-sm-12 col-xs-12 col-md-offset-2\">\r\n                <div class=\"top-title\">Az\u0259rbaycanda g\u00f6r\u00fcnt\u00fcl\u0259n\u0259n b\u0259birl\u0259r<\/div>\r\n                <div class=\"title\">Ana b\u0259bir v\u0259 yetkin balas\u0131<\/div>\r\n                <div class=\"video-gallery\">\r\n                    <div class=\"overlay-gallery\">\r\n                        <div class=\"icon-holder\">\r\n                            <div class=\"icon\">\r\n                                <a class=\"html5lightbox\" title=\"Garden Video\" href=\"https:\/\/www.youtube.com\/watch?v=n2pjluQwx5w&#038;fbclid=IwAR3bLZVRh9u_Dt6myUhOnHS3sKis1YW8jMTi7GLq8goMyN3PJBSUSs_565M\"><img decoding=\"async\" src=\"https:\/\/leopard.az\/wp-content\/themes\/benxi\/images\/home\/btn.png\" alt=\"Play Button\"\/><\/a> \r\n                            <\/div>\r\n                        <\/div>    \r\n                    <\/div>\r\n                <\/div>\r\n            <\/div>\r\n        <\/div>\r\n    <\/div>\r\n<\/section>\r\n<!-- video section end -->\r\n<\/div><\/div><\/div><\/div><\/section><\/p>\n","protected":false},"excerpt":{"rendered":"","protected":false},"author":1,"featured_media":0,"parent":0,"menu_order":0,"comment_status":"closed","ping_status":"closed","template":"tpl-king_composer.php","meta":{"om_disable_all_campaigns":false,"_monsterinsights_skip_tracking":false,"_monsterinsights_sitenote_active":false,"_monsterinsights_sitenote_note":"","_monsterinsights_sitenote_category":0,"footnotes":""},"class_list":["post-124","page","type-page","status-publish","hentry"],"aioseo_notices":[],"jetpack_sharing_enabled":true,"_links":{"self":[{"href":"https:\/\/leopard.az\/index.php\/wp-json\/wp\/v2\/pages\/124","targetHints":{"allow":["GET"]}}],"collection":[{"href":"https:\/\/leopard.az\/index.php\/wp-json\/wp\/v2\/pages"}],"about":[{"href":"https:\/\/leopard.az\/index.php\/wp-json\/wp\/v2\/types\/page"}],"author":[{"embeddable":true,"href":"https:\/\/leopard.az\/index.php\/wp-json\/wp\/v2\/users\/1"}],"replies":[{"embeddable":true,"href":"https:\/\/leopard.az\/index.php\/wp-json\/wp\/v2\/comments?post=124"}],"version-history":[{"count":2,"href":"https:\/\/leopard.az\/index.php\/wp-json\/wp\/v2\/pages\/124\/revisions"}],"predecessor-version":[{"id":300,"href":"https:\/\/leopard.az\/index.php\/wp-json\/wp\/v2\/pages\/124\/revisions\/300"}],"wp:attachment":[{"href":"https:\/\/leopard.az\/index.php\/wp-json\/wp\/v2\/media?parent=124"}],"curies":[{"name":"wp","href":"https:\/\/api.w.org\/{rel}","templated":true}]}}